{"id":56,"date":"2015-10-23T16:20:56","date_gmt":"2015-10-23T14:20:56","guid":{"rendered":"http:\/\/coumont.ditc.be\/?page_id=56"},"modified":"2016-01-10T17:23:21","modified_gmt":"2016-01-10T16:23:21","slug":"services","status":"publish","type":"page","link":"https:\/\/www.coumont.com\/fr\/services\/","title":{"rendered":"Nos Services"},"content":{"rendered":"<p><\/p>\n<h3>Nous assurons un service complet de qualit\u00e9.<\/h3>\n<p><a href=\"https:\/\/www.coumont.com\/wp-content\/uploads\/2015\/10\/camionD\u00e9charg2.jpg\"><img loading=\"lazy\" decoding=\"async\" class=\"size-medium wp-image-39 alignleft\" src=\"https:\/\/www.coumont.com\/wp-content\/uploads\/2015\/10\/camionD\u00e9charg2-300x195.jpg\" alt=\"camionD\u00e9charg2\" width=\"300\" height=\"195\" srcset=\"https:\/\/www.coumont.com\/wp-content\/uploads\/2015\/10\/camionD\u00e9charg2-300x195.jpg 300w, https:\/\/www.coumont.com\/wp-content\/uploads\/2015\/10\/camionD\u00e9charg2-207x136.jpg 207w, https:\/\/www.coumont.com\/wp-content\/uploads\/2015\/10\/camionD\u00e9charg2-260x170.jpg 260w, https:\/\/www.coumont.com\/wp-content\/uploads\/2015\/10\/camionD\u00e9charg2.jpg 640w\" sizes=\"auto, (max-width: 300px) 100vw, 300px\" \/><\/a>Nous sommes \u00e0 votre disposition pour :<br \/>\nEntreposage, stockage, manutention, transport, emballage.<br \/>\nEffectuer le d\u00e9montage du mat\u00e9riel.<br \/>\nProc\u00e9der au chargement (nous disposons de chariots \u00e9l\u00e9vateurs de 2 \u00e0 8 tonnes).<br \/>\nNotre camion surbaiss\u00e9 avec rampe peut charger des machines jusqu&rsquo;\u00e0 20 tonnes sans l&rsquo;aide d&rsquo;une grue.<\/p>\n<h3>Nous nous chargeons \u00e9galement de l&rsquo;exp\u00e9dition<\/h3>\n<p><img loading=\"lazy\" decoding=\"async\" class=\"size-medium wp-image-37 alignright\" src=\"https:\/\/www.coumont.com\/wp-content\/uploads\/2015\/10\/BateauAvion-300x208.jpg\" alt=\"BateauAvion\" width=\"300\" height=\"208\" srcset=\"https:\/\/www.coumont.com\/wp-content\/uploads\/2015\/10\/BateauAvion-300x208.jpg 300w, https:\/\/www.coumont.com\/wp-content\/uploads\/2015\/10\/BateauAvion-1024x711.jpg 1024w, https:\/\/www.coumont.com\/wp-content\/uploads\/2015\/10\/BateauAvion.jpg 1081w\" sizes=\"auto, (max-width: 300px) 100vw, 300px\" \/><\/p>\n<p>par la route,<br \/>\npar voie maritime,<br \/>\npar voie a\u00e9rienne.<\/p>\n<p>&nbsp;<\/p>\n<p>&nbsp;<\/p>\n<p>&nbsp;<\/p>","protected":false},"excerpt":{"rendered":"<p>Nous assurons un service complet de qualit\u00e9. Nous sommes \u00e0 votre disposition pour : Entreposage, stockage, manutention, transport, emballage. Effectuer le d\u00e9montage du mat\u00e9riel. Proc\u00e9der au chargement (nous disposons de chariots \u00e9l\u00e9vateurs de 2 \u00e0 8 tonnes). Notre camion surbaiss\u00e9 avec rampe peut charger des machines jusqu&rsquo;\u00e0 20 tonnes sans l&rsquo;aide d&rsquo;une grue. Nous nous [&hellip;]<\/p>\n","protected":false},"author":1,"featured_media":0,"parent":0,"menu_order":0,"comment_status":"closed","ping_status":"closed","template":"page-full.php","meta":{"footnotes":""},"class_list":["post-56","page","type-page","status-publish","hentry"],"yoast_head":"<!-- This site is optimized with the Yoast SEO plugin v27.3 - https:\/\/yoast.com\/product\/yoast-seo-wordpress\/ -->\n<title>Nos Services - Coumont Textile Machines<\/title>\n<meta name=\"robots\" content=\"index, follow, max-snippet:-1, max-image-preview:large, max-video-preview:-1\" \/>\n<link rel=\"canonical\" href=\"https:\/\/www.coumont.com\/fr\/services\/\" \/>\n<meta property=\"og:locale\" content=\"fr_FR\" \/>\n<meta property=\"og:type\" content=\"article\" \/>\n<meta property=\"og:title\" content=\"Nos Services - Coumont Textile Machines\" \/>\n<meta property=\"og:description\" content=\"Nous assurons un service complet de qualit\u00e9. Nous sommes \u00e0 votre disposition pour : Entreposage, stockage, manutention, transport, emballage. Effectuer le d\u00e9montage du mat\u00e9riel. Proc\u00e9der au chargement (nous disposons de chariots \u00e9l\u00e9vateurs de 2 \u00e0 8 tonnes). Notre camion surbaiss\u00e9 avec rampe peut charger des machines jusqu&rsquo;\u00e0 20 tonnes sans l&rsquo;aide d&rsquo;une grue. Nous nous [&hellip;]\" \/>\n<meta property=\"og:url\" content=\"https:\/\/www.coumont.com\/fr\/services\/\" \/>\n<meta property=\"og:site_name\" content=\"Coumont Textile Machines\" \/>\n<meta property=\"article:modified_time\" content=\"2016-01-10T16:23:21+00:00\" \/>\n<meta property=\"og:image\" content=\"https:\/\/www.coumont.com\/wp-content\/uploads\/2015\/10\/camionD\u00e9charg2-300x195.jpg\" \/>\n<meta name=\"twitter:card\" content=\"summary_large_image\" \/>\n<meta name=\"twitter:label1\" content=\"Dur\u00e9e de lecture estim\u00e9e\" \/>\n\t<meta name=\"twitter:data1\" content=\"2 minutes\" \/>\n<script type=\"application\/ld+json\" class=\"yoast-schema-graph\">{\"@context\":\"https:\\\/\\\/schema.org\",\"@graph\":[{\"@type\":\"WebPage\",\"@id\":\"https:\\\/\\\/www.coumont.com\\\/fr\\\/services\\\/\",\"url\":\"https:\\\/\\\/www.coumont.com\\\/fr\\\/services\\\/\",\"name\":\"Nos Services - Coumont Textile Machines\",\"isPartOf\":{\"@id\":\"https:\\\/\\\/www.coumont.com\\\/fr\\\/#website\"},\"primaryImageOfPage\":{\"@id\":\"https:\\\/\\\/www.coumont.com\\\/fr\\\/services\\\/#primaryimage\"},\"image\":{\"@id\":\"https:\\\/\\\/www.coumont.com\\\/fr\\\/services\\\/#primaryimage\"},\"thumbnailUrl\":\"https:\\\/\\\/www.coumont.com\\\/wp-content\\\/uploads\\\/2015\\\/10\\\/BateauAvion-300x208.jpg\",\"datePublished\":\"2015-10-23T14:20:56+00:00\",\"dateModified\":\"2016-01-10T16:23:21+00:00\",\"breadcrumb\":{\"@id\":\"https:\\\/\\\/www.coumont.com\\\/fr\\\/services\\\/#breadcrumb\"},\"inLanguage\":\"fr-FR\",\"potentialAction\":[{\"@type\":\"ReadAction\",\"target\":[[\"https:\\\/\\\/www.coumont.com\\\/fr\\\/services\\\/\"]]}]},{\"@type\":\"ImageObject\",\"inLanguage\":\"fr-FR\",\"@id\":\"https:\\\/\\\/www.coumont.com\\\/fr\\\/services\\\/#primaryimage\",\"url\":\"https:\\\/\\\/www.coumont.com\\\/wp-content\\\/uploads\\\/2015\\\/10\\\/BateauAvion-300x208.jpg\",\"contentUrl\":\"https:\\\/\\\/www.coumont.com\\\/wp-content\\\/uploads\\\/2015\\\/10\\\/BateauAvion-300x208.jpg\"},{\"@type\":\"BreadcrumbList\",\"@id\":\"https:\\\/\\\/www.coumont.com\\\/fr\\\/services\\\/#breadcrumb\",\"itemListElement\":[{\"@type\":\"ListItem\",\"position\":1,\"name\":\"Accueil\",\"item\":\"https:\\\/\\\/www.coumont.com\\\/fr\\\/\"},{\"@type\":\"ListItem\",\"position\":2,\"name\":\"Nos Services\"}]},{\"@type\":\"WebSite\",\"@id\":\"https:\\\/\\\/www.coumont.com\\\/fr\\\/#website\",\"url\":\"https:\\\/\\\/www.coumont.com\\\/fr\\\/\",\"name\":\"Coumont Textile Machines\",\"description\":\"Bureau Technique Jos\u00e9 Coumont \u00e0 Verviers\",\"potentialAction\":[{\"@type\":\"SearchAction\",\"target\":{\"@type\":\"EntryPoint\",\"urlTemplate\":\"https:\\\/\\\/www.coumont.com\\\/fr\\\/?s={search_term_string}\"},\"query-input\":{\"@type\":\"PropertyValueSpecification\",\"valueRequired\":true,\"valueName\":\"search_term_string\"}}],\"inLanguage\":\"fr-FR\"}]}<\/script>\n<!-- \/ Yoast SEO plugin. -->","yoast_head_json":{"title":"Nos Services - Coumont Textile Machines","robots":{"index":"index","follow":"follow","max-snippet":"max-snippet:-1","max-image-preview":"max-image-preview:large","max-video-preview":"max-video-preview:-1"},"canonical":"https:\/\/www.coumont.com\/fr\/services\/","og_locale":"fr_FR","og_type":"article","og_title":"Nos Services - Coumont Textile Machines","og_description":"Nous assurons un service complet de qualit\u00e9. Nous sommes \u00e0 votre disposition pour : Entreposage, stockage, manutention, transport, emballage. Effectuer le d\u00e9montage du mat\u00e9riel. Proc\u00e9der au chargement (nous disposons de chariots \u00e9l\u00e9vateurs de 2 \u00e0 8 tonnes). Notre camion surbaiss\u00e9 avec rampe peut charger des machines jusqu&rsquo;\u00e0 20 tonnes sans l&rsquo;aide d&rsquo;une grue. Nous nous [&hellip;]","og_url":"https:\/\/www.coumont.com\/fr\/services\/","og_site_name":"Coumont Textile Machines","article_modified_time":"2016-01-10T16:23:21+00:00","og_image":[{"url":"https:\/\/www.coumont.com\/wp-content\/uploads\/2015\/10\/camionD\u00e9charg2-300x195.jpg","type":"","width":"","height":""}],"twitter_card":"summary_large_image","twitter_misc":{"Dur\u00e9e de lecture estim\u00e9e":"2 minutes"},"schema":{"@context":"https:\/\/schema.org","@graph":[{"@type":"WebPage","@id":"https:\/\/www.coumont.com\/fr\/services\/","url":"https:\/\/www.coumont.com\/fr\/services\/","name":"Nos Services - Coumont Textile Machines","isPartOf":{"@id":"https:\/\/www.coumont.com\/fr\/#website"},"primaryImageOfPage":{"@id":"https:\/\/www.coumont.com\/fr\/services\/#primaryimage"},"image":{"@id":"https:\/\/www.coumont.com\/fr\/services\/#primaryimage"},"thumbnailUrl":"https:\/\/www.coumont.com\/wp-content\/uploads\/2015\/10\/BateauAvion-300x208.jpg","datePublished":"2015-10-23T14:20:56+00:00","dateModified":"2016-01-10T16:23:21+00:00","breadcrumb":{"@id":"https:\/\/www.coumont.com\/fr\/services\/#breadcrumb"},"inLanguage":"fr-FR","potentialAction":[{"@type":"ReadAction","target":[["https:\/\/www.coumont.com\/fr\/services\/"]]}]},{"@type":"ImageObject","inLanguage":"fr-FR","@id":"https:\/\/www.coumont.com\/fr\/services\/#primaryimage","url":"https:\/\/www.coumont.com\/wp-content\/uploads\/2015\/10\/BateauAvion-300x208.jpg","contentUrl":"https:\/\/www.coumont.com\/wp-content\/uploads\/2015\/10\/BateauAvion-300x208.jpg"},{"@type":"BreadcrumbList","@id":"https:\/\/www.coumont.com\/fr\/services\/#breadcrumb","itemListElement":[{"@type":"ListItem","position":1,"name":"Accueil","item":"https:\/\/www.coumont.com\/fr\/"},{"@type":"ListItem","position":2,"name":"Nos Services"}]},{"@type":"WebSite","@id":"https:\/\/www.coumont.com\/fr\/#website","url":"https:\/\/www.coumont.com\/fr\/","name":"Coumont Textile Machines","description":"Bureau Technique Jos\u00e9 Coumont \u00e0 Verviers","potentialAction":[{"@type":"SearchAction","target":{"@type":"EntryPoint","urlTemplate":"https:\/\/www.coumont.com\/fr\/?s={search_term_string}"},"query-input":{"@type":"PropertyValueSpecification","valueRequired":true,"valueName":"search_term_string"}}],"inLanguage":"fr-FR"}]}},"_links":{"self":[{"href":"https:\/\/www.coumont.com\/fr\/wp-json\/wp\/v2\/pages\/56","targetHints":{"allow":["GET"]}}],"collection":[{"href":"https:\/\/www.coumont.com\/fr\/wp-json\/wp\/v2\/pages"}],"about":[{"href":"https:\/\/www.coumont.com\/fr\/wp-json\/wp\/v2\/types\/page"}],"author":[{"embeddable":true,"href":"https:\/\/www.coumont.com\/fr\/wp-json\/wp\/v2\/users\/1"}],"replies":[{"embeddable":true,"href":"https:\/\/www.coumont.com\/fr\/wp-json\/wp\/v2\/comments?post=56"}],"version-history":[{"count":0,"href":"https:\/\/www.coumont.com\/fr\/wp-json\/wp\/v2\/pages\/56\/revisions"}],"wp:attachment":[{"href":"https:\/\/www.coumont.com\/fr\/wp-json\/wp\/v2\/media?parent=56"}],"curies":[{"name":"wp","href":"https:\/\/api.w.org\/{rel}","templated":true}]}}