{"id":5,"date":"2015-10-22T20:11:49","date_gmt":"2015-10-22T19:11:49","guid":{"rendered":"http:\/\/coumont.ditc.be\/?page_id=5"},"modified":"2025-12-28T13:14:50","modified_gmt":"2025-12-28T12:14:50","slug":"coumont-textile-machines","status":"publish","type":"page","link":"https:\/\/www.coumont.com\/fr\/","title":{"rendered":"Coumont Textile Machines"},"content":{"rendered":"<p>Sp\u00e9cialiste en machines d&rsquo;occasion pour l&rsquo;industrie textile<\/p>\n<h3 align=\"justify\">Nos services<\/h3>\n<p>Depuis 50 ann\u00e9es d\u00e9j\u00e0 le Bureau Technique JOSE COUMONT SPRL est un partenaire de choix pour les professionnels de l&rsquo;industrie textile.<\/p>\n<p>Nous pouvons vous aider \u00e0 trouver les machines textiles que vous recherchez afin d&rsquo;am\u00e9liorer votre production, de compl\u00e9ter une ligne existante, ou de cr\u00e9er un nouveau d\u00e9partement.<\/p>\n<p><a href=\"https:\/\/www.coumont.com\/wp-content\/uploads\/2016\/01\/20151027_Entrepot_03b.jpg\"><img loading=\"lazy\" decoding=\"async\" class=\"alignnone size-medium wp-image-159\" src=\"https:\/\/www.coumont.com\/wp-content\/uploads\/2016\/01\/20151027_Entrepot_03b-300x220.jpg\" alt=\"\" width=\"300\" height=\"220\" srcset=\"https:\/\/www.coumont.com\/wp-content\/uploads\/2016\/01\/20151027_Entrepot_03b-300x220.jpg 300w, https:\/\/www.coumont.com\/wp-content\/uploads\/2016\/01\/20151027_Entrepot_03b-768x563.jpg 768w, https:\/\/www.coumont.com\/wp-content\/uploads\/2016\/01\/20151027_Entrepot_03b-1024x751.jpg 1024w, https:\/\/www.coumont.com\/wp-content\/uploads\/2016\/01\/20151027_Entrepot_03b.jpg 1132w\" sizes=\"auto, (max-width: 300px) 100vw, 300px\" \/><\/a><a href=\"https:\/\/www.coumont.com\/wp-content\/uploads\/2015\/10\/40-600_14.jpg\"><img loading=\"lazy\" decoding=\"async\" class=\"size-medium wp-image-72\" src=\"https:\/\/www.coumont.com\/wp-content\/uploads\/2015\/10\/40-600_14-300x225.jpg\" alt=\"\" width=\"300\" height=\"225\" srcset=\"https:\/\/www.coumont.com\/wp-content\/uploads\/2015\/10\/40-600_14-300x225.jpg 300w, https:\/\/www.coumont.com\/wp-content\/uploads\/2015\/10\/40-600_14-1024x768.jpg 1024w, https:\/\/www.coumont.com\/wp-content\/uploads\/2015\/10\/40-600_14.jpg 1280w\" sizes=\"auto, (max-width: 300px) 100vw, 300px\" \/><\/a><a href=\"https:\/\/www.coumont.com\/wp-content\/uploads\/2015\/10\/Brignac_04.jpg\"><img loading=\"lazy\" decoding=\"async\" class=\"alignnone size-medium wp-image-69\" src=\"https:\/\/www.coumont.com\/wp-content\/uploads\/2015\/10\/Brignac_04-300x225.jpg\" alt=\"\" width=\"300\" height=\"225\" srcset=\"https:\/\/www.coumont.com\/wp-content\/uploads\/2015\/10\/Brignac_04-300x225.jpg 300w, https:\/\/www.coumont.com\/wp-content\/uploads\/2015\/10\/Brignac_04-1024x768.jpg 1024w, https:\/\/www.coumont.com\/wp-content\/uploads\/2015\/10\/Brignac_04.jpg 2048w\" sizes=\"auto, (max-width: 300px) 100vw, 300px\" \/><\/a><\/p>\n<h3>Machines d&rsquo;occasion<\/h3>\n<p><a href=\"https:\/\/www.coumont.com\/wp-content\/uploads\/2015\/10\/cardset_01.jpg\"><img loading=\"lazy\" decoding=\"async\" class=\"alignnone size-medium wp-image-41\" src=\"https:\/\/www.coumont.com\/wp-content\/uploads\/2015\/10\/cardset_01-300x203.jpg\" alt=\"cardset_01\" width=\"300\" height=\"203\" srcset=\"https:\/\/www.coumont.com\/wp-content\/uploads\/2015\/10\/cardset_01-300x203.jpg 300w, https:\/\/www.coumont.com\/wp-content\/uploads\/2015\/10\/cardset_01-1024x695.jpg 1024w, https:\/\/www.coumont.com\/wp-content\/uploads\/2015\/10\/cardset_01-140x94.jpg 140w, https:\/\/www.coumont.com\/wp-content\/uploads\/2015\/10\/cardset_01.jpg 1756w\" sizes=\"auto, (max-width: 300px) 100vw, 300px\" \/><\/a><a href=\"https:\/\/www.coumont.com\/wp-content\/uploads\/2016\/04\/100-191_001.jpg\"><img loading=\"lazy\" decoding=\"async\" class=\"alignnone size-medium wp-image-250\" src=\"https:\/\/www.coumont.com\/wp-content\/uploads\/2016\/04\/100-191_001-300x225.jpg\" alt=\"\" width=\"300\" height=\"225\" srcset=\"https:\/\/www.coumont.com\/wp-content\/uploads\/2016\/04\/100-191_001-300x225.jpg 300w, https:\/\/www.coumont.com\/wp-content\/uploads\/2016\/04\/100-191_001-768x576.jpg 768w, https:\/\/www.coumont.com\/wp-content\/uploads\/2016\/04\/100-191_001-1024x768.jpg 1024w, https:\/\/www.coumont.com\/wp-content\/uploads\/2016\/04\/100-191_001.jpg 1256w\" sizes=\"auto, (max-width: 300px) 100vw, 300px\" \/><\/a><a href=\"https:\/\/www.coumont.com\/wp-content\/uploads\/2016\/04\/100-191_020.jpg\"><img loading=\"lazy\" decoding=\"async\" class=\"alignnone size-medium wp-image-252\" src=\"https:\/\/www.coumont.com\/wp-content\/uploads\/2016\/04\/100-191_020-300x225.jpg\" alt=\"\" width=\"300\" height=\"225\" srcset=\"https:\/\/www.coumont.com\/wp-content\/uploads\/2016\/04\/100-191_020-300x225.jpg 300w, https:\/\/www.coumont.com\/wp-content\/uploads\/2016\/04\/100-191_020-768x576.jpg 768w, https:\/\/www.coumont.com\/wp-content\/uploads\/2016\/04\/100-191_020-1024x768.jpg 1024w, https:\/\/www.coumont.com\/wp-content\/uploads\/2016\/04\/100-191_020.jpg 1256w\" sizes=\"auto, (max-width: 300px) 100vw, 300px\" \/><\/a><\/p>\n<p>Nous disposons d&rsquo;un vaste choix de machines s\u00e9lectionn\u00e9es pour satisfaire votre demande, \u00e0 chaque stade de votre production. Consultez notre <a href=\"catalogue\">Catalogue en ligne<\/a>.\u00a0   \n    <h3>Rechercher dans la liste des machines<\/h3>\n    <form name='find' method='GET' action='catalogue'>\n\t<input type='hidden' name='op' value='find'>\n\t   \t\n      <p>Texte \u00e0 rechercher:\n      <input type='text' name='c_txt' size='20' value=''>\n      <input type='submit' value='Envoyer'><\/p>\n    <\/form><\/p>\n<h3>Contact<\/h3>\n<p><a href=\"https:\/\/www.coumont.com\/wp-content\/uploads\/2015\/10\/camion.jpg\"><img loading=\"lazy\" decoding=\"async\" class=\"alignnone size-medium wp-image-17\" src=\"https:\/\/www.coumont.com\/wp-content\/uploads\/2015\/10\/camion-300x145.jpg\" alt=\"camion\" width=\"300\" height=\"145\" srcset=\"https:\/\/www.coumont.com\/wp-content\/uploads\/2015\/10\/camion-300x145.jpg 300w, https:\/\/www.coumont.com\/wp-content\/uploads\/2015\/10\/camion.jpg 551w\" sizes=\"auto, (max-width: 300px) 100vw, 300px\" \/><\/a><\/p>\n<p>N&rsquo;h\u00e9sitez pas \u00e0 nous contacter pour toute recherche de mat\u00e9riel ou demande d&rsquo;information au sujet de nos services.<\/p>\n<p>&nbsp;<\/p>\n<p>&nbsp;<\/p>\n<p><strong>Le Bureau Technique JOSE COUMONT a \u00e9t\u00e9 fond\u00e9 en 1968 par Monsieur Jos\u00e9 COUMONT.<\/strong><\/p>\n<p>A l&rsquo;\u00e9poque Jos\u00e9 Coumont travaillait chez <strong>Houget Duesberg Bosson<\/strong>, un constructeur de machines textiles \u00e9tabli \u00e0 Verviers. Il a travaill\u00e9 pendant 30 ann\u00e9es chez Houget, et ensuite lors de la fusion avec Duesberg Bosson, le constructeur est devenu Houget Duesberg Bosson.<\/p>\n<p>Jos\u00e9 Coumont \u00e9tait entr\u00e9 chez Houget en tant que dessinateur industriel, il a con\u00e7u des cardes et assortiment de cardes au bureau de dessin, il a ensuite termin\u00e9 sa carri\u00e8re chez HDB au service apr\u00e8s-vente.<\/p>\n<p>&nbsp;<\/p>\n<p>Jos\u00e9 COUMONT a quitt\u00e9 HDB en 1968 pour s&rsquo;\u00e9tablir \u00e0 son propre compte afin d&rsquo;offrir ses services pour les modifications et transformations de machines textiles, d&rsquo;o\u00f9 le nom de la soci\u00e9t\u00e9: Bureau Technique Jos\u00e9 Coumont.<\/p>\n<p>Sur sa planche \u00e0 dessin, il a r\u00e9alis\u00e9 beaucoup de modifications et adaptations de machines, il a \u00e9galement con\u00e7u et dessin\u00e9 un blamire (\u00e9taleur nappeur) de grande largeur pour le constructeur <a href=\"https:\/\/www.coumont.com\/fr\/catalogue\/?op=find&amp;c_txt=HERGETH\">HERGETH<\/a>.<\/p>\n<p>&nbsp;<\/p>\n<p>En 1970, il r\u00e9alise quelques modifications de cardes pour les Ateliers Fernand Goreux \u00e0 Verviers qui s&rsquo;occupait de la vente de mat\u00e9riel textile d&rsquo;occasion. Mr Fernand Goreux d\u00e9sirant prendre sa retraite, il remet alors ses affaires \u00e0 Mr Jos\u00e9 Coumont et 3 autres associ\u00e9s. Les affaires progressent bien et ils obtiennent un contrat pour la vente des machines BEFAMA.<\/p>\n<p>En 1973 les ateliers Fernand Goreux cessent leur activit\u00e9 et Jos\u00e9 Coumont d\u00e9cide de reprendre \u00e0 son compte le commerce de machines textiles d&rsquo;occasion. En m\u00eame temps, il continue la repr\u00e9sentation exclusive des machines BEFAMA.<\/p>\n<p>&nbsp;<\/p>\n<p>En 1973 c&rsquo;est l&rsquo;\u00e9poque o\u00f9 <strong>Michel COUMONT<\/strong> (son fils) entre dans la soci\u00e9t\u00e9 afin de faire prosp\u00e9rer l&rsquo;affaire.<\/p>\n<p>En 1974 la soci\u00e9t\u00e9 passe sous forme de SPRL et devient le Bureau Technique JOSE COUMONT SPRL, avec comme dirigeants Jos\u00e9 Coumont et Michel Coumont.<\/p>\n<p>&nbsp;<\/p>\n<p>La soci\u00e9t\u00e9 prend de l&rsquo;extension, et devient tr\u00e8s r\u00e9put\u00e9e dans la vente de machines textiles d&rsquo;occasion. Le Bureau Technique JOSE COUMONT SPRL devient une r\u00e9f\u00e9rence en mati\u00e8re de machine textile d&rsquo;occasion.<\/p>\n<p>Le BTJC exporte vers tous les pays du monde entier et obtient une client\u00e8le fid\u00e8le.<\/p>\n<p>&nbsp;<\/p>\n<p>Le BTJC r\u00e9ussit \u00e0 acqu\u00e9rir des rapports de confiance aupr\u00e8s de ses clients. Beaucoup de clients \u00e9trangers, d&rsquo;outre-mer, ne se d\u00e9placent plus pour venir voir et visiter les machines, ils ach\u00e8tent les machines sans m\u00eame venir les voir, en faisant confiance aux services du BTJC. Ils ne tarissent pas d&rsquo;\u00e9loges envers le service de haute qualit\u00e9 qu&rsquo;ils re\u00e7oivent, ce qui n&rsquo;est pas courant en mat\u00e9riel d&rsquo;occasion.<\/p>\n<p>&nbsp;<\/p>\n<p>En raison des origines de Mr Jos\u00e9 Coumont, le BTJC est sp\u00e9cialis\u00e9 dans la vente des machines de <a href=\"https:\/\/www.coumont.com\/fr\/catalogue\/?c_grp=F&amp;c_fam=2\">filature<\/a> card\u00e9, que ce soit des <strong>colonnes de lavage<\/strong>, pr\u00e9paration, chambres de m\u00e9langes, loup cardeurs, cardes, assortiments de cardes, continus \u00e0 filer, retordeuses, bobinoirs, hasples, d\u00e9vidoirs, et bien d&rsquo;autres encore.<\/p>\n<p>&nbsp;<\/p>\n<p>De fil en aiguille, le BTJC \u00e9tend son activit\u00e9 \u00e0 la vente de mat\u00e9riel de filature peign\u00e9, semi-peign\u00e9 et coton.<\/p>\n<p>&nbsp;<\/p>\n<p>En mati\u00e8re de machines de <strong>FILATURE<\/strong>, BTJC vend toute sorte de machines comme: colonne de lavage, presse \u00e0 balles, ouvreuse, effilocheuse, loup carde, shaker, battoir, transport pneumatique, installation de m\u00e9lange, appareil d&rsquo;ensimage, assortiment de cardes, chargeuse peseuse, chargeuse volum\u00e9trique, avant train, cardes, coupeuse, parties de cardes, diviseur pour carde, double attracteur, canneli\u00e8re mobile, peralta, appareil \u00e0 monter les garnitures, appareil \u00e0 aiguiser, garnitures de cardes, carde \u00e0 \u00e9chantillons, continu \u00e0 filer card\u00e9, renvideur, m\u00e9tier \u00e0 pots tournants, retordeuse, d\u00e9vidoir, open end, carde laine peign\u00e9e, craqueuse, lisseuse, gills, intersecting, finisseur, peigneuse, banc \u00e0 broches, flyer, continu \u00e0 filer semi-peign\u00e9, peign\u00e9, assembleuse, bobinoir manuel, autoconer, bobinoir automatique, coconneuse, copseuse, carde coton, vaporiseuse, pelotonneuse, accessoires, tubes, pots, appareils de laboratoire, brise-balles, chargeuse ouvre-balles, machine \u00e0 texturer, machine d&rsquo;extrusion.<\/p>\n<p>&nbsp;<\/p>\n<p>Le Bureau Technique Jos\u00e9 Coumont \u00e9tend constamment sa gamme de machine et se sp\u00e9cialise \u00e9galement dans la vente de <strong>machines d&rsquo;appr\u00eat<\/strong>, <a href=\"https:\/\/www.coumont.com\/fr\/catalogue\/?c_grp=A\">machines de teinture<\/a>: s\u00e9choir, appareil \u00e0 teindre, essoreuse, appareil \u00e0 teindre en pi\u00e8ces, appareil \u00e0 teindre en \u00e9cheveaux, appareil \u00e0 teindre en boyaux, jigger, foulon, laveuse, rame, rame s\u00e9cheuse, rame d&rsquo;appr\u00eat,, appareil \u00e0 cuire et \u00e0 fixer, conticrab, presse \u00e0 cuvette, tondeuse, flambeuse, carboniseuse, d\u00e9catisseuse, visiteuse tissus, enrouleuse, plieuse, mesureuse, laineuse, foulard, vaporiseuse, accessoires, laboratoire, machine \u00e0 imprimer, calandre.<\/p>\n<p>&nbsp;<\/p>\n<p>Sans oublier le <strong><a href=\"https:\/\/www.coumont.com\/fr\/catalogue\/?c_grp=T\">tissage<\/a><\/strong> pour les machines \u00e0 tisser et les machines annexes: canneti\u00e8re, coconneuse, copseuse, ourdissoir, cantre, encolleuse, <strong>m\u00e9tier \u00e0 tisser<\/strong>, m\u00e9canique jacquard, rati\u00e8re, visiteuse tissus, enrouleuse, plieuse, mesureuse, accessoires, lisses, lamelles, navettes, appareils de laboratoire, noueuse, machines \u00e0 rentrer, chariot porte-ensouple, machine \u00e0 imprimer, machine \u00e0 tresser, m\u00e9tier \u00e0 tricoter<\/p>\n<p>&nbsp;<\/p>\n<p>Dans les ann\u00e9es 1980, le non tiss\u00e9 se d\u00e9veloppe sur le march\u00e9, beaucoup de clients transforment leurs anciens assortiments de cardes, cardes semi-peign\u00e9 et carde de peignage. Ils adaptent des \u00e9taleurs nappeurs (blamires) aux cardes et installent une aiguilleteuse. Cela permet au BTJC de se lancer dans la vente du mat\u00e9riel de <a href=\"https:\/\/www.coumont.com\/fr\/catalogue\/?c_grp=NW\">non tiss\u00e9<\/a>: effilocheuse, carde, coupeuse, \u00e9taleur nappeur, blamire, camel-back, aiguilleteuse, garnitures de cardes, carde \u00e0 \u00e9chantillons, accessoires, aiguilles,, appareils de laboratoire, brise-balles, brises balles peseurs, chargeuse ouvre-balles, calandre, nappeuse pneumatique, ligne de <strong>non-tiss\u00e9<\/strong>.<\/p>\n<p>&nbsp;<\/p>\n<p>En 1986 Mr Jos\u00e9 Coumont d\u00e9c\u00e8de et son fils Michel Coumont continue seul \u00e0 faire prosp\u00e9rer la Bureau Technique COUMONT SPRL.<\/p>\n<p>1986 est \u00e9galement l&rsquo;ann\u00e9e de construction d&rsquo;un entrep\u00f4t de 1200 m\u00b2 dans le village de Jehanster, \u00e0 500 m du bureau. L&rsquo;entrep\u00f4t se situe rue Lemarchand 3, B-4910 Polleur, Belgique. Ce nouvel entrep\u00f4t nous permet de cr\u00e9er un stock de machines. L&rsquo;entrep\u00f4t poss\u00e8de un vaste parking b\u00e9tonn\u00e9, ce qui permet un chargement\/d\u00e9chargement tr\u00e8s facile des camions et containers.<\/p>\n<p>1996 nous cr\u00e9ons une un deuxi\u00e8me entrep\u00f4t et nous doublons la surface de stockage, passant ainsi \u00e0 2400 m\u00b2. La surface en b\u00e9ton du parking est \u00e9galement agrandie, cela permet de charger et d\u00e9charger les camions et containers de mani\u00e8re tr\u00e8s confortable. Cela apporte une qualit\u00e9 sup\u00e9rieure et un travail plus confortable.<\/p>\n<p>&nbsp;<\/p>\n<p>1998 remplacement de notre ancien camion Mercedes Unimog Ruthmann par un <strong>camion semi-remorque<\/strong> tout neuf.<\/p>\n<p>Achat d&rsquo;un tracteur Scania 124L et d&rsquo;une remorque Gheysen et Verpoort. Ce nouveau camion avec une semi-remorque surbaiss\u00e9e est b\u00e2ch\u00e9, \u00e9quip\u00e9 d&rsquo;un treuil et d&rsquo;une rampe pour monter facilement des chariots \u00e9l\u00e9vateurs.<\/p>\n<p>Ce nouvel \u00e9quipement de transport apporte beaucoup de confort dans le travail et \u00e9norm\u00e9ment de facilit\u00e9 pour le d\u00e9montage et montage des machines textiles. Ce camion nous permet d&rsquo;aller plus loin en international. Le gros avantage est que nous partons avec notre propre mat\u00e9riel de manutention, cela nous permet d&rsquo;arriver chez le client avec notre mat\u00e9riel, cela nous \u00e9vite de devoir louer ou emprunter du mat\u00e9riel sur place. La plupart du temps les usines sont \u00e9quip\u00e9es de chariots \u00e9l\u00e9vateurs 1,5 To ou 2 To, ce qui est trop faible pour le chargement des machines textiles. Nous poss\u00e9dons des chariots \u00e9l\u00e9vateurs capables de lever des charges de 1500 Kg, 2000 Kg, 2500 Kg, 3500 Kg, 7000 Kg et 8000 Kg.<\/p>\n<p>&nbsp;<\/p>\n<p>Avec cette semi-remorque nous exp\u00e9dions \u00e9galement les machines textiles nous-m\u00eames. Cela nous permet de livrer les machines directement chez le client et de permettre des livraisons \u00ab\u00a0door to door\u00a0\u00bb. Les machines arrivent chez le client sans transbordement via un transporteur, cela nous permet de r\u00e9aliser de meilleures livraisons. La qualit\u00e9 du service reste notre principal atout.<\/p>\n<p>&nbsp;<\/p>\n<p>Nous r\u00e9alisons alors que notre camion fait beaucoup de trajets \u00e0 vide, ou incomplet. Lorsque nous partons pour d\u00e9monter une machine loin de notre entreprise, nous avons seulement le mat\u00e9riel de manutention \u00e0 bord, notre Clark n&rsquo;occupe pas toute la place dans le camion.<\/p>\n<p>Afin de rentabiliser la place perdue, nous d\u00e9cidons alors d&rsquo;acqu\u00e9rir la licence transport.<\/p>\n<p>&nbsp;<\/p>\n<p>2001 Mr Michel COUMONT suit les cours et r\u00e9ussit l&rsquo;examen pour obtenir le certificat de capacit\u00e9 professionnelle au transport national et international de marchandises par route.<\/p>\n<p>Nous modifions notre registre de commerce et nous ajoutons \u00e0 nos activit\u00e9s le <strong>transport national et international de marchandises<\/strong>. Nos statuts pr\u00e9cisent: La soci\u00e9t\u00e9 a \u00e9galement pour objet l&rsquo;accomplissement, tant en Belgique qu&rsquo;\u00e0 l&rsquo;\u00e9tranger, de tout transport par voie routi\u00e8re de marchandises, l&rsquo;entreposage, l&#8217;emballage, la manutention, le chargement et le d\u00e9chargement, le pesage de celles-ci.<\/p>\n<p>&nbsp;<\/p>\n<p>&nbsp;<\/p>","protected":false},"excerpt":{"rendered":"<p>Sp\u00e9cialiste en machines d&rsquo;occasion pour l&rsquo;industrie textile Nos services Depuis 50 ann\u00e9es d\u00e9j\u00e0 le Bureau Technique JOSE COUMONT SPRL est un partenaire de choix pour les professionnels de l&rsquo;industrie textile. Nous pouvons vous aider \u00e0 trouver les machines textiles que vous recherchez afin d&rsquo;am\u00e9liorer votre production, de compl\u00e9ter une ligne existante, ou de cr\u00e9er un [&hellip;]<\/p>\n","protected":false},"author":1,"featured_media":0,"parent":0,"menu_order":0,"comment_status":"closed","ping_status":"closed","template":"page-full.php","meta":{"footnotes":""},"class_list":["post-5","page","type-page","status-publish","hentry"],"yoast_head":"<!-- This site is optimized with the Yoast SEO plugin v27.4 - https:\/\/yoast.com\/product\/yoast-seo-wordpress\/ -->\n<title>Coumont Textile Machines - Coumont Textile Machines<\/title>\n<meta name=\"robots\" content=\"index, follow, max-snippet:-1, max-image-preview:large, max-video-preview:-1\" \/>\n<link rel=\"canonical\" href=\"https:\/\/www.coumont.com\/fr\/\" \/>\n<meta property=\"og:locale\" content=\"fr_FR\" \/>\n<meta property=\"og:type\" content=\"article\" \/>\n<meta property=\"og:title\" content=\"Coumont Textile Machines - Coumont Textile Machines\" \/>\n<meta property=\"og:description\" content=\"Sp\u00e9cialiste en machines d&rsquo;occasion pour l&rsquo;industrie textile Nos services Depuis 50 ann\u00e9es d\u00e9j\u00e0 le Bureau Technique JOSE COUMONT SPRL est un partenaire de choix pour les professionnels de l&rsquo;industrie textile. Nous pouvons vous aider \u00e0 trouver les machines textiles que vous recherchez afin d&rsquo;am\u00e9liorer votre production, de compl\u00e9ter une ligne existante, ou de cr\u00e9er un [&hellip;]\" \/>\n<meta property=\"og:url\" content=\"https:\/\/www.coumont.com\/fr\/\" \/>\n<meta property=\"og:site_name\" content=\"Coumont Textile Machines\" \/>\n<meta property=\"article:modified_time\" content=\"2025-12-28T12:14:50+00:00\" \/>\n<meta property=\"og:image\" content=\"https:\/\/www.coumont.com\/wp-content\/uploads\/2016\/01\/20151027_Entrepot_03b.jpg\" \/>\n\t<meta property=\"og:image:width\" content=\"1132\" \/>\n\t<meta property=\"og:image:height\" content=\"830\" \/>\n\t<meta property=\"og:image:type\" content=\"image\/jpeg\" \/>\n<meta name=\"twitter:card\" content=\"summary_large_image\" \/>\n<meta name=\"twitter:label1\" content=\"Dur\u00e9e de lecture estim\u00e9e\" \/>\n\t<meta name=\"twitter:data1\" content=\"7 minutes\" \/>\n<script type=\"application\/ld+json\" class=\"yoast-schema-graph\">{\"@context\":\"https:\\\/\\\/schema.org\",\"@graph\":[{\"@type\":\"WebPage\",\"@id\":\"https:\\\/\\\/www.coumont.com\\\/fr\\\/\",\"url\":\"https:\\\/\\\/www.coumont.com\\\/fr\\\/\",\"name\":\"Coumont Textile Machines - Coumont Textile Machines\",\"isPartOf\":{\"@id\":\"https:\\\/\\\/www.coumont.com\\\/fr\\\/#website\"},\"primaryImageOfPage\":{\"@id\":\"https:\\\/\\\/www.coumont.com\\\/fr\\\/#primaryimage\"},\"image\":{\"@id\":\"https:\\\/\\\/www.coumont.com\\\/#primaryimage\"},\"thumbnailUrl\":\"https:\\\/\\\/www.coumont.com\\\/wp-content\\\/uploads\\\/2016\\\/01\\\/20151027_Entrepot_03b-300x220.jpg\",\"datePublished\":\"2015-10-22T19:11:49+00:00\",\"dateModified\":\"2025-12-28T12:14:50+00:00\",\"breadcrumb\":{\"@id\":\"https:\\\/\\\/www.coumont.com\\\/fr\\\/#breadcrumb\"},\"inLanguage\":\"fr-FR\",\"potentialAction\":[{\"@type\":\"ReadAction\",\"target\":[[\"https:\\\/\\\/www.coumont.com\\\/fr\\\/\"]]}]},{\"@type\":\"ImageObject\",\"inLanguage\":\"fr-FR\",\"@id\":\"https:\\\/\\\/www.coumont.com\\\/fr\\\/#primaryimage\",\"url\":\"https:\\\/\\\/www.coumont.com\\\/wp-content\\\/uploads\\\/2016\\\/01\\\/20151027_Entrepot_03b-300x220.jpg\",\"contentUrl\":\"https:\\\/\\\/www.coumont.com\\\/wp-content\\\/uploads\\\/2016\\\/01\\\/20151027_Entrepot_03b-300x220.jpg\"},{\"@type\":\"BreadcrumbList\",\"@id\":\"https:\\\/\\\/www.coumont.com\\\/fr\\\/#breadcrumb\",\"itemListElement\":[{\"@type\":\"ListItem\",\"position\":1,\"name\":\"Accueil\",\"item\":\"https:\\\/\\\/www.coumont.com\\\/fr\\\/\"},{\"@type\":\"ListItem\",\"position\":2,\"name\":\"Coumont Textile Machines\"}]},{\"@type\":\"WebSite\",\"@id\":\"https:\\\/\\\/www.coumont.com\\\/fr\\\/#website\",\"url\":\"https:\\\/\\\/www.coumont.com\\\/fr\\\/\",\"name\":\"Coumont Textile Machines\",\"description\":\"Bureau Technique Jos\u00e9 Coumont \u00e0 Verviers\",\"potentialAction\":[{\"@type\":\"SearchAction\",\"target\":{\"@type\":\"EntryPoint\",\"urlTemplate\":\"https:\\\/\\\/www.coumont.com\\\/fr\\\/?s={search_term_string}\"},\"query-input\":{\"@type\":\"PropertyValueSpecification\",\"valueRequired\":true,\"valueName\":\"search_term_string\"}}],\"inLanguage\":\"fr-FR\"}]}<\/script>\n<!-- \/ Yoast SEO plugin. -->","yoast_head_json":{"title":"Coumont Textile Machines - Coumont Textile Machines","robots":{"index":"index","follow":"follow","max-snippet":"max-snippet:-1","max-image-preview":"max-image-preview:large","max-video-preview":"max-video-preview:-1"},"canonical":"https:\/\/www.coumont.com\/fr\/","og_locale":"fr_FR","og_type":"article","og_title":"Coumont Textile Machines - Coumont Textile Machines","og_description":"Sp\u00e9cialiste en machines d&rsquo;occasion pour l&rsquo;industrie textile Nos services Depuis 50 ann\u00e9es d\u00e9j\u00e0 le Bureau Technique JOSE COUMONT SPRL est un partenaire de choix pour les professionnels de l&rsquo;industrie textile. Nous pouvons vous aider \u00e0 trouver les machines textiles que vous recherchez afin d&rsquo;am\u00e9liorer votre production, de compl\u00e9ter une ligne existante, ou de cr\u00e9er un [&hellip;]","og_url":"https:\/\/www.coumont.com\/fr\/","og_site_name":"Coumont Textile Machines","article_modified_time":"2025-12-28T12:14:50+00:00","og_image":[{"width":1132,"height":830,"url":"https:\/\/www.coumont.com\/wp-content\/uploads\/2016\/01\/20151027_Entrepot_03b.jpg","type":"image\/jpeg"}],"twitter_card":"summary_large_image","twitter_misc":{"Dur\u00e9e de lecture estim\u00e9e":"7 minutes"},"schema":{"@context":"https:\/\/schema.org","@graph":[{"@type":"WebPage","@id":"https:\/\/www.coumont.com\/fr\/","url":"https:\/\/www.coumont.com\/fr\/","name":"Coumont Textile Machines - Coumont Textile Machines","isPartOf":{"@id":"https:\/\/www.coumont.com\/fr\/#website"},"primaryImageOfPage":{"@id":"https:\/\/www.coumont.com\/fr\/#primaryimage"},"image":{"@id":"https:\/\/www.coumont.com\/#primaryimage"},"thumbnailUrl":"https:\/\/www.coumont.com\/wp-content\/uploads\/2016\/01\/20151027_Entrepot_03b-300x220.jpg","datePublished":"2015-10-22T19:11:49+00:00","dateModified":"2025-12-28T12:14:50+00:00","breadcrumb":{"@id":"https:\/\/www.coumont.com\/fr\/#breadcrumb"},"inLanguage":"fr-FR","potentialAction":[{"@type":"ReadAction","target":[["https:\/\/www.coumont.com\/fr\/"]]}]},{"@type":"ImageObject","inLanguage":"fr-FR","@id":"https:\/\/www.coumont.com\/fr\/#primaryimage","url":"https:\/\/www.coumont.com\/wp-content\/uploads\/2016\/01\/20151027_Entrepot_03b-300x220.jpg","contentUrl":"https:\/\/www.coumont.com\/wp-content\/uploads\/2016\/01\/20151027_Entrepot_03b-300x220.jpg"},{"@type":"BreadcrumbList","@id":"https:\/\/www.coumont.com\/fr\/#breadcrumb","itemListElement":[{"@type":"ListItem","position":1,"name":"Accueil","item":"https:\/\/www.coumont.com\/fr\/"},{"@type":"ListItem","position":2,"name":"Coumont Textile Machines"}]},{"@type":"WebSite","@id":"https:\/\/www.coumont.com\/fr\/#website","url":"https:\/\/www.coumont.com\/fr\/","name":"Coumont Textile Machines","description":"Bureau Technique Jos\u00e9 Coumont \u00e0 Verviers","potentialAction":[{"@type":"SearchAction","target":{"@type":"EntryPoint","urlTemplate":"https:\/\/www.coumont.com\/fr\/?s={search_term_string}"},"query-input":{"@type":"PropertyValueSpecification","valueRequired":true,"valueName":"search_term_string"}}],"inLanguage":"fr-FR"}]}},"_links":{"self":[{"href":"https:\/\/www.coumont.com\/fr\/wp-json\/wp\/v2\/pages\/5","targetHints":{"allow":["GET"]}}],"collection":[{"href":"https:\/\/www.coumont.com\/fr\/wp-json\/wp\/v2\/pages"}],"about":[{"href":"https:\/\/www.coumont.com\/fr\/wp-json\/wp\/v2\/types\/page"}],"author":[{"embeddable":true,"href":"https:\/\/www.coumont.com\/fr\/wp-json\/wp\/v2\/users\/1"}],"replies":[{"embeddable":true,"href":"https:\/\/www.coumont.com\/fr\/wp-json\/wp\/v2\/comments?post=5"}],"version-history":[{"count":2,"href":"https:\/\/www.coumont.com\/fr\/wp-json\/wp\/v2\/pages\/5\/revisions"}],"predecessor-version":[{"id":9724,"href":"https:\/\/www.coumont.com\/fr\/wp-json\/wp\/v2\/pages\/5\/revisions\/9724"}],"wp:attachment":[{"href":"https:\/\/www.coumont.com\/fr\/wp-json\/wp\/v2\/media?parent=5"}],"curies":[{"name":"wp","href":"https:\/\/api.w.org\/{rel}","templated":true}]}}