{"id":5,"date":"2015-10-22T20:11:49","date_gmt":"2015-10-22T19:11:49","guid":{"rendered":"http:\/\/coumont.ditc.be\/?page_id=5"},"modified":"2025-12-28T13:14:50","modified_gmt":"2025-12-28T12:14:50","slug":"coumont-textile-machines","status":"publish","type":"page","link":"https:\/\/www.coumont.com\/de\/","title":{"rendered":"Coumont Textile Machines"},"content":{"rendered":"<p>Gebrauchte Textilmaschinen<\/p>\n<h3 align=\"justify\">Unsere Dienste<\/h3>\n<p><span style=\"font-family: Arial; font-size: medium;\">Seit 50 Jahren ist das &#8222;Bureau Technique JOSE COUMONT SPRL&#8220; ein Qualit\u00e4tspartner f\u00fcr die Fachleute der Textilindustrie.<\/span><\/p>\n<p><span style=\"font-family: Arial; font-size: medium;\">Wir sind Ihnen behilflich, bei der Suche nach geeigneten Textilmaschinen, um Ihren Prozess und die Produktion zu verbessern, eine bestehende Anlage zu erg\u00e4nzen, oder eine neue Abteilung zu errichten.<\/span><\/p>\n<p><a href=\"https:\/\/www.coumont.com\/wp-content\/uploads\/2016\/01\/20151027_Entrepot_03b.jpg\"><img loading=\"lazy\" decoding=\"async\" class=\"alignnone size-medium wp-image-159\" src=\"https:\/\/www.coumont.com\/wp-content\/uploads\/2016\/01\/20151027_Entrepot_03b-300x220.jpg\" alt=\"\" width=\"300\" height=\"220\" srcset=\"https:\/\/www.coumont.com\/wp-content\/uploads\/2016\/01\/20151027_Entrepot_03b-300x220.jpg 300w, https:\/\/www.coumont.com\/wp-content\/uploads\/2016\/01\/20151027_Entrepot_03b-768x563.jpg 768w, https:\/\/www.coumont.com\/wp-content\/uploads\/2016\/01\/20151027_Entrepot_03b-1024x751.jpg 1024w, https:\/\/www.coumont.com\/wp-content\/uploads\/2016\/01\/20151027_Entrepot_03b.jpg 1132w\" sizes=\"auto, (max-width: 300px) 100vw, 300px\" \/><\/a><a href=\"https:\/\/www.coumont.com\/wp-content\/uploads\/2015\/10\/40-600_14.jpg\"><img loading=\"lazy\" decoding=\"async\" class=\"size-medium wp-image-72\" src=\"https:\/\/www.coumont.com\/wp-content\/uploads\/2015\/10\/40-600_14-300x225.jpg\" alt=\"\" width=\"300\" height=\"225\" srcset=\"https:\/\/www.coumont.com\/wp-content\/uploads\/2015\/10\/40-600_14-300x225.jpg 300w, https:\/\/www.coumont.com\/wp-content\/uploads\/2015\/10\/40-600_14-1024x768.jpg 1024w, https:\/\/www.coumont.com\/wp-content\/uploads\/2015\/10\/40-600_14.jpg 1280w\" sizes=\"auto, (max-width: 300px) 100vw, 300px\" \/><\/a><a href=\"https:\/\/www.coumont.com\/wp-content\/uploads\/2015\/10\/Brignac_04.jpg\"><img loading=\"lazy\" decoding=\"async\" class=\"alignnone size-medium wp-image-69\" src=\"https:\/\/www.coumont.com\/wp-content\/uploads\/2015\/10\/Brignac_04-300x225.jpg\" alt=\"\" width=\"300\" height=\"225\" srcset=\"https:\/\/www.coumont.com\/wp-content\/uploads\/2015\/10\/Brignac_04-300x225.jpg 300w, https:\/\/www.coumont.com\/wp-content\/uploads\/2015\/10\/Brignac_04-1024x768.jpg 1024w, https:\/\/www.coumont.com\/wp-content\/uploads\/2015\/10\/Brignac_04.jpg 2048w\" sizes=\"auto, (max-width: 300px) 100vw, 300px\" \/><\/a><\/p>\n<h3>Gebrauchtmaschinen-Liste<\/h3>\n<p><a href=\"https:\/\/www.coumont.com\/wp-content\/uploads\/2015\/10\/cardset_01.jpg\"><img loading=\"lazy\" decoding=\"async\" class=\"alignnone size-medium wp-image-41\" src=\"https:\/\/www.coumont.com\/wp-content\/uploads\/2015\/10\/cardset_01-300x203.jpg\" alt=\"cardset_01\" width=\"300\" height=\"203\" srcset=\"https:\/\/www.coumont.com\/wp-content\/uploads\/2015\/10\/cardset_01-300x203.jpg 300w, https:\/\/www.coumont.com\/wp-content\/uploads\/2015\/10\/cardset_01-1024x695.jpg 1024w, https:\/\/www.coumont.com\/wp-content\/uploads\/2015\/10\/cardset_01-140x94.jpg 140w, https:\/\/www.coumont.com\/wp-content\/uploads\/2015\/10\/cardset_01.jpg 1756w\" sizes=\"auto, (max-width: 300px) 100vw, 300px\" \/><\/a><a href=\"https:\/\/www.coumont.com\/wp-content\/uploads\/2016\/04\/100-191_001.jpg\"><img loading=\"lazy\" decoding=\"async\" class=\"alignnone size-medium wp-image-250\" src=\"https:\/\/www.coumont.com\/wp-content\/uploads\/2016\/04\/100-191_001-300x225.jpg\" alt=\"\" width=\"300\" height=\"225\" srcset=\"https:\/\/www.coumont.com\/wp-content\/uploads\/2016\/04\/100-191_001-300x225.jpg 300w, https:\/\/www.coumont.com\/wp-content\/uploads\/2016\/04\/100-191_001-768x576.jpg 768w, https:\/\/www.coumont.com\/wp-content\/uploads\/2016\/04\/100-191_001-1024x768.jpg 1024w, https:\/\/www.coumont.com\/wp-content\/uploads\/2016\/04\/100-191_001.jpg 1256w\" sizes=\"auto, (max-width: 300px) 100vw, 300px\" \/><\/a><a href=\"https:\/\/www.coumont.com\/wp-content\/uploads\/2016\/04\/100-191_020.jpg\"><img loading=\"lazy\" decoding=\"async\" class=\"alignnone size-medium wp-image-252\" src=\"https:\/\/www.coumont.com\/wp-content\/uploads\/2016\/04\/100-191_020-300x225.jpg\" alt=\"\" width=\"300\" height=\"225\" srcset=\"https:\/\/www.coumont.com\/wp-content\/uploads\/2016\/04\/100-191_020-300x225.jpg 300w, https:\/\/www.coumont.com\/wp-content\/uploads\/2016\/04\/100-191_020-768x576.jpg 768w, https:\/\/www.coumont.com\/wp-content\/uploads\/2016\/04\/100-191_020-1024x768.jpg 1024w, https:\/\/www.coumont.com\/wp-content\/uploads\/2016\/04\/100-191_020.jpg 1256w\" sizes=\"auto, (max-width: 300px) 100vw, 300px\" \/><\/a><\/p>\n<p>Wir verf\u00fcgen \u00fcber eine grobe Auswahl von ausgew\u00e4hlten Maschinen, um Ihren Bedarf zu decken. In jedem Stadium von Ihrem Produktionsprozess haben wir die geeignete Maschine.<\/p>\n<p>Klicken Sie hier f\u00fcr <a href=\"catalogue\">Online Katalog<\/a>. \u00a0   \n    <h3>Suchen die Liste<\/h3>\n    <form name='find' method='GET' action='catalogue'>\n\t<input type='hidden' name='op' value='find'>\n\t   \t\n      <p>Text zu finden:\n      <input type='text' name='c_txt' size='20' value=''>\n      <input type='submit' value='Send'><\/p>\n    <\/form><\/p>\n<h3>Kontaktieren Sie uns<\/h3>\n<p><a href=\"https:\/\/www.coumont.com\/wp-content\/uploads\/2015\/10\/camion.jpg\"><img loading=\"lazy\" decoding=\"async\" class=\"alignnone size-medium wp-image-17\" src=\"https:\/\/www.coumont.com\/wp-content\/uploads\/2015\/10\/camion-300x145.jpg\" alt=\"camion\" width=\"300\" height=\"145\" srcset=\"https:\/\/www.coumont.com\/wp-content\/uploads\/2015\/10\/camion-300x145.jpg 300w, https:\/\/www.coumont.com\/wp-content\/uploads\/2015\/10\/camion.jpg 551w\" sizes=\"auto, (max-width: 300px) 100vw, 300px\" \/><\/a><\/p>\n<p><span style=\"font-family: Arial; font-size: medium;\">Z\u00f6gern Sie nicht, bei der Suche von Maschinen oder weitere Informationen, unsere Dienste zu kontaktieren.<\/span><\/p>","protected":false},"excerpt":{"rendered":"<p>Gebrauchte Textilmaschinen Unsere Dienste Seit 50 Jahren ist das &#8222;Bureau Technique JOSE COUMONT SPRL&#8220; ein Qualit\u00e4tspartner f\u00fcr die Fachleute der Textilindustrie. Wir sind Ihnen behilflich, bei der Suche nach geeigneten Textilmaschinen, um Ihren Prozess und die Produktion zu verbessern, eine bestehende Anlage zu erg\u00e4nzen, oder eine neue Abteilung zu errichten. Gebrauchtmaschinen-Liste Wir verf\u00fcgen \u00fcber eine [&hellip;]<\/p>\n","protected":false},"author":1,"featured_media":0,"parent":0,"menu_order":0,"comment_status":"closed","ping_status":"closed","template":"page-full.php","meta":{"footnotes":""},"class_list":["post-5","page","type-page","status-publish","hentry"],"yoast_head":"<!-- This site is optimized with the Yoast SEO plugin v27.4 - https:\/\/yoast.com\/product\/yoast-seo-wordpress\/ -->\n<title>Coumont Textile Machines - Coumont Textile Machines<\/title>\n<meta name=\"robots\" content=\"index, follow, max-snippet:-1, max-image-preview:large, max-video-preview:-1\" \/>\n<link rel=\"canonical\" href=\"https:\/\/www.coumont.com\/de\/\" \/>\n<meta property=\"og:locale\" content=\"de_DE\" \/>\n<meta property=\"og:type\" content=\"article\" \/>\n<meta property=\"og:title\" content=\"Coumont Textile Machines - Coumont Textile Machines\" \/>\n<meta property=\"og:description\" content=\"Gebrauchte Textilmaschinen Unsere Dienste Seit 50 Jahren ist das &#8222;Bureau Technique JOSE COUMONT SPRL&#8220; ein Qualit\u00e4tspartner f\u00fcr die Fachleute der Textilindustrie. Wir sind Ihnen behilflich, bei der Suche nach geeigneten Textilmaschinen, um Ihren Prozess und die Produktion zu verbessern, eine bestehende Anlage zu erg\u00e4nzen, oder eine neue Abteilung zu errichten. Gebrauchtmaschinen-Liste Wir verf\u00fcgen \u00fcber eine [&hellip;]\" \/>\n<meta property=\"og:url\" content=\"https:\/\/www.coumont.com\/de\/\" \/>\n<meta property=\"og:site_name\" content=\"Coumont Textile Machines\" \/>\n<meta property=\"article:modified_time\" content=\"2025-12-28T12:14:50+00:00\" \/>\n<meta property=\"og:image\" content=\"https:\/\/www.coumont.com\/wp-content\/uploads\/2016\/01\/20151027_Entrepot_03b.jpg\" \/>\n\t<meta property=\"og:image:width\" content=\"1132\" \/>\n\t<meta property=\"og:image:height\" content=\"830\" \/>\n\t<meta property=\"og:image:type\" content=\"image\/jpeg\" \/>\n<meta name=\"twitter:card\" content=\"summary_large_image\" \/>\n<meta name=\"twitter:label1\" content=\"Gesch\u00e4tzte Lesezeit\" \/>\n\t<meta name=\"twitter:data1\" content=\"7\u00a0Minuten\" \/>\n<script type=\"application\/ld+json\" class=\"yoast-schema-graph\">{\"@context\":\"https:\\\/\\\/schema.org\",\"@graph\":[{\"@type\":\"WebPage\",\"@id\":\"https:\\\/\\\/www.coumont.com\\\/de\\\/\",\"url\":\"https:\\\/\\\/www.coumont.com\\\/de\\\/\",\"name\":\"Coumont Textile Machines - Coumont Textile Machines\",\"isPartOf\":{\"@id\":\"https:\\\/\\\/www.coumont.com\\\/de\\\/#website\"},\"primaryImageOfPage\":{\"@id\":\"https:\\\/\\\/www.coumont.com\\\/de\\\/#primaryimage\"},\"image\":{\"@id\":\"https:\\\/\\\/www.coumont.com\\\/#primaryimage\"},\"thumbnailUrl\":\"https:\\\/\\\/www.coumont.com\\\/wp-content\\\/uploads\\\/2016\\\/01\\\/20151027_Entrepot_03b-300x220.jpg\",\"datePublished\":\"2015-10-22T19:11:49+00:00\",\"dateModified\":\"2025-12-28T12:14:50+00:00\",\"breadcrumb\":{\"@id\":\"https:\\\/\\\/www.coumont.com\\\/de\\\/#breadcrumb\"},\"inLanguage\":\"de\",\"potentialAction\":[{\"@type\":\"ReadAction\",\"target\":[[\"https:\\\/\\\/www.coumont.com\\\/de\\\/\"]]}]},{\"@type\":\"ImageObject\",\"inLanguage\":\"de\",\"@id\":\"https:\\\/\\\/www.coumont.com\\\/de\\\/#primaryimage\",\"url\":\"https:\\\/\\\/www.coumont.com\\\/wp-content\\\/uploads\\\/2016\\\/01\\\/20151027_Entrepot_03b-300x220.jpg\",\"contentUrl\":\"https:\\\/\\\/www.coumont.com\\\/wp-content\\\/uploads\\\/2016\\\/01\\\/20151027_Entrepot_03b-300x220.jpg\"},{\"@type\":\"BreadcrumbList\",\"@id\":\"https:\\\/\\\/www.coumont.com\\\/de\\\/#breadcrumb\",\"itemListElement\":[{\"@type\":\"ListItem\",\"position\":1,\"name\":\"Accueil\",\"item\":\"https:\\\/\\\/www.coumont.com\\\/de\\\/\"},{\"@type\":\"ListItem\",\"position\":2,\"name\":\"Coumont Textile Machines\"}]},{\"@type\":\"WebSite\",\"@id\":\"https:\\\/\\\/www.coumont.com\\\/de\\\/#website\",\"url\":\"https:\\\/\\\/www.coumont.com\\\/de\\\/\",\"name\":\"Coumont Textile Machines\",\"description\":\"Bureau Technique Jos\u00e9 Coumont\",\"potentialAction\":[{\"@type\":\"SearchAction\",\"target\":{\"@type\":\"EntryPoint\",\"urlTemplate\":\"https:\\\/\\\/www.coumont.com\\\/de\\\/?s={search_term_string}\"},\"query-input\":{\"@type\":\"PropertyValueSpecification\",\"valueRequired\":true,\"valueName\":\"search_term_string\"}}],\"inLanguage\":\"de\"}]}<\/script>\n<!-- \/ Yoast SEO plugin. -->","yoast_head_json":{"title":"Coumont Textile Machines - Coumont Textile Machines","robots":{"index":"index","follow":"follow","max-snippet":"max-snippet:-1","max-image-preview":"max-image-preview:large","max-video-preview":"max-video-preview:-1"},"canonical":"https:\/\/www.coumont.com\/de\/","og_locale":"de_DE","og_type":"article","og_title":"Coumont Textile Machines - Coumont Textile Machines","og_description":"Gebrauchte Textilmaschinen Unsere Dienste Seit 50 Jahren ist das &#8222;Bureau Technique JOSE COUMONT SPRL&#8220; ein Qualit\u00e4tspartner f\u00fcr die Fachleute der Textilindustrie. Wir sind Ihnen behilflich, bei der Suche nach geeigneten Textilmaschinen, um Ihren Prozess und die Produktion zu verbessern, eine bestehende Anlage zu erg\u00e4nzen, oder eine neue Abteilung zu errichten. Gebrauchtmaschinen-Liste Wir verf\u00fcgen \u00fcber eine [&hellip;]","og_url":"https:\/\/www.coumont.com\/de\/","og_site_name":"Coumont Textile Machines","article_modified_time":"2025-12-28T12:14:50+00:00","og_image":[{"width":1132,"height":830,"url":"https:\/\/www.coumont.com\/wp-content\/uploads\/2016\/01\/20151027_Entrepot_03b.jpg","type":"image\/jpeg"}],"twitter_card":"summary_large_image","twitter_misc":{"Gesch\u00e4tzte Lesezeit":"7\u00a0Minuten"},"schema":{"@context":"https:\/\/schema.org","@graph":[{"@type":"WebPage","@id":"https:\/\/www.coumont.com\/de\/","url":"https:\/\/www.coumont.com\/de\/","name":"Coumont Textile Machines - Coumont Textile Machines","isPartOf":{"@id":"https:\/\/www.coumont.com\/de\/#website"},"primaryImageOfPage":{"@id":"https:\/\/www.coumont.com\/de\/#primaryimage"},"image":{"@id":"https:\/\/www.coumont.com\/#primaryimage"},"thumbnailUrl":"https:\/\/www.coumont.com\/wp-content\/uploads\/2016\/01\/20151027_Entrepot_03b-300x220.jpg","datePublished":"2015-10-22T19:11:49+00:00","dateModified":"2025-12-28T12:14:50+00:00","breadcrumb":{"@id":"https:\/\/www.coumont.com\/de\/#breadcrumb"},"inLanguage":"de","potentialAction":[{"@type":"ReadAction","target":[["https:\/\/www.coumont.com\/de\/"]]}]},{"@type":"ImageObject","inLanguage":"de","@id":"https:\/\/www.coumont.com\/de\/#primaryimage","url":"https:\/\/www.coumont.com\/wp-content\/uploads\/2016\/01\/20151027_Entrepot_03b-300x220.jpg","contentUrl":"https:\/\/www.coumont.com\/wp-content\/uploads\/2016\/01\/20151027_Entrepot_03b-300x220.jpg"},{"@type":"BreadcrumbList","@id":"https:\/\/www.coumont.com\/de\/#breadcrumb","itemListElement":[{"@type":"ListItem","position":1,"name":"Accueil","item":"https:\/\/www.coumont.com\/de\/"},{"@type":"ListItem","position":2,"name":"Coumont Textile Machines"}]},{"@type":"WebSite","@id":"https:\/\/www.coumont.com\/de\/#website","url":"https:\/\/www.coumont.com\/de\/","name":"Coumont Textile Machines","description":"Bureau Technique Jos\u00e9 Coumont","potentialAction":[{"@type":"SearchAction","target":{"@type":"EntryPoint","urlTemplate":"https:\/\/www.coumont.com\/de\/?s={search_term_string}"},"query-input":{"@type":"PropertyValueSpecification","valueRequired":true,"valueName":"search_term_string"}}],"inLanguage":"de"}]}},"_links":{"self":[{"href":"https:\/\/www.coumont.com\/de\/wp-json\/wp\/v2\/pages\/5","targetHints":{"allow":["GET"]}}],"collection":[{"href":"https:\/\/www.coumont.com\/de\/wp-json\/wp\/v2\/pages"}],"about":[{"href":"https:\/\/www.coumont.com\/de\/wp-json\/wp\/v2\/types\/page"}],"author":[{"embeddable":true,"href":"https:\/\/www.coumont.com\/de\/wp-json\/wp\/v2\/users\/1"}],"replies":[{"embeddable":true,"href":"https:\/\/www.coumont.com\/de\/wp-json\/wp\/v2\/comments?post=5"}],"version-history":[{"count":2,"href":"https:\/\/www.coumont.com\/de\/wp-json\/wp\/v2\/pages\/5\/revisions"}],"predecessor-version":[{"id":9724,"href":"https:\/\/www.coumont.com\/de\/wp-json\/wp\/v2\/pages\/5\/revisions\/9724"}],"wp:attachment":[{"href":"https:\/\/www.coumont.com\/de\/wp-json\/wp\/v2\/media?parent=5"}],"curies":[{"name":"wp","href":"https:\/\/api.w.org\/{rel}","templated":true}]}}